{"id":764,"date":"2023-09-27T08:51:00","date_gmt":"2023-09-27T06:51:00","guid":{"rendered":"https:\/\/oralstudio.hu\/EN\/?page_id=764"},"modified":"2026-05-11T13:46:01","modified_gmt":"2026-05-11T11:46:01","slug":"periodontology","status":"publish","type":"page","link":"https:\/\/oralstudio.hu\/EN\/periodontology\/","title":{"rendered":"PERIODONTOLOGY"},"content":{"rendered":"\n<div id=\"wp-block-themeisle-blocks-advanced-columns-6a7506dd\" class=\"wp-block-themeisle-blocks-advanced-columns alignfull has-1-columns has-mobile-equal-layout hide-in-desktop hide-in-tablet has-vertical-unset has-dark-bg\"><div class=\"wp-block-themeisle-blocks-advanced-columns-overlay\"><\/div><div class=\"innerblocks-wrap\">\n<div id=\"wp-block-themeisle-blocks-advanced-column-207b33d0\" class=\"wp-block-themeisle-blocks-advanced-column\">\n<div id=\"wp-block-themeisle-blocks-button-group-577b5549\" class=\"wp-block-themeisle-blocks-button-group wp-block-buttons align-center-desktop\">\n<div id=\"wp-block-themeisle-blocks-button-15ddb25d\" class=\"wp-block-themeisle-blocks-button wp-block-button\"><a href=\"https:\/\/maps.app.goo.gl\/c7wkC4r5sd8sawUA7\" target=\"_self\" rel=\"noopener noreferrer\" class=\"wp-block-button__link\"><i class=\"fas fa-fw fa-map-marker-alt\"><\/i><\/a><\/div>\n\n\n\n<div id=\"wp-block-themeisle-blocks-button-e823ba53\" class=\"wp-block-themeisle-blocks-button wp-block-button\"><a href=\"tel:+3612121930\" target=\"_self\" rel=\"noopener noreferrer\" class=\"wp-block-button__link\"><i class=\"fas fa-fw fa-phone-square-alt\"><\/i><\/a><\/div>\n\n\n\n<div id=\"wp-block-themeisle-blocks-button-d244b0f6\" class=\"wp-block-themeisle-blocks-button wp-block-button\"><a href=\"https:\/\/wa.me\/36703986638\" target=\"_self\" rel=\"noopener noreferrer\" class=\"wp-block-button__link\"><i class=\"fab fa-fw fa-whatsapp-square\"><\/i><\/a><\/div>\n\n\n\n<div id=\"wp-block-themeisle-blocks-button-9aa49684\" class=\"wp-block-themeisle-blocks-button wp-block-button\"><a href=\"mailto:info@oralstudio.hu\" target=\"_self\" rel=\"noopener noreferrer\" class=\"wp-block-button__link\"><i class=\"fas fa-fw fa-envelope-square\"><\/i><\/a><\/div>\n<\/div>\n<\/div>\n<\/div><\/div>\n\n\n\n<div id=\"wp-block-themeisle-blocks-advanced-columns-0a700b88\" class=\"wp-block-themeisle-blocks-advanced-columns alignfull has-1-columns has-desktop-twoOne-layout hide-in-tablet hide-in-mobile has-vertical-center has-dark-bg\"><div class=\"wp-block-themeisle-blocks-advanced-columns-overlay\"><\/div><div class=\"innerblocks-wrap\">\n<div id=\"wp-block-themeisle-blocks-advanced-column-32c2975e\" class=\"wp-block-themeisle-blocks-advanced-column\">\n<div id=\"wp-block-themeisle-blocks-icon-list-ce636c70\" class=\"wp-block-themeisle-blocks-icon-list is-style-horizontal ticss-37725372\">\n<div id=\"wp-block-themeisle-blocks-icon-list-item-46cc71b4\" class=\"wp-block-themeisle-blocks-icon-list-item\"><i class=\"fas fa-map-marker-alt wp-block-themeisle-blocks-icon-list-item-icon\"><\/i><p class=\"wp-block-themeisle-blocks-icon-list-item-content\">1126 BUDAPEST, B\u00d6SZ\u00d6RM\u00c9NYI STREET 2.\u00a0<\/p><\/div>\n\n\n\n<div id=\"wp-block-themeisle-blocks-icon-list-item-4bef7f10\" class=\"wp-block-themeisle-blocks-icon-list-item\"><i class=\"fas fa-phone-alt wp-block-themeisle-blocks-icon-list-item-icon\"><\/i><p class=\"wp-block-themeisle-blocks-icon-list-item-content\">\u00a0+36 1 212 1930<\/p><\/div>\n\n\n\n<div id=\"wp-block-themeisle-blocks-icon-list-item-e609f1de\" class=\"wp-block-themeisle-blocks-icon-list-item\"><i class=\"fab fa-whatsapp wp-block-themeisle-blocks-icon-list-item-icon\"><\/i><p class=\"wp-block-themeisle-blocks-icon-list-item-content\">+36 70 398 6638<\/p><\/div>\n\n\n\n<div id=\"wp-block-themeisle-blocks-icon-list-item-cafd1cc8\" class=\"wp-block-themeisle-blocks-icon-list-item\"><i class=\"far fa-envelope wp-block-themeisle-blocks-icon-list-item-icon\"><\/i><p class=\"wp-block-themeisle-blocks-icon-list-item-content\">\u00a0INFO@ORALSTUDIO.HU<\/p><\/div>\n<\/div>\n<\/div>\n<\/div><\/div>\n\n\n\n<div id=\"wp-block-themeisle-blocks-advanced-columns-e837dc6c\" class=\"wp-block-themeisle-blocks-advanced-columns alignfull has-1-columns has-desktop-equal-layout hide-in-tablet hide-in-mobile has-vertical-center ticss-e837dc6c\"><div class=\"wp-block-themeisle-blocks-advanced-columns-overlay\"><\/div><div class=\"innerblocks-wrap\">\n<div id=\"wp-block-themeisle-blocks-advanced-column-a2642a75\" class=\"wp-block-themeisle-blocks-advanced-column\">\n<div id=\"wp-block-themeisle-blocks-button-group-7d9e28ce\" class=\"wp-block-themeisle-blocks-button-group wp-block-buttons align-right-desktop ticss-7e5d7657\">\n<div id=\"wp-block-themeisle-blocks-button-0c6834b4\" class=\"wp-block-themeisle-blocks-button wp-block-button\"><a href=\"https:\/\/oralstudio.hu\/EN\/#onlinebejelentkezes\" target=\"_self\" rel=\"noopener noreferrer\" class=\"wp-block-button__link\"><span>APPOINTMENT BOOKING<\/span><\/a><\/div>\n<\/div>\n<\/div>\n<\/div><\/div>\n\n\n\n<div id=\"wp-block-themeisle-blocks-advanced-columns-0daeb767\" class=\"wp-block-themeisle-blocks-advanced-columns has-1-columns has-mobile-equal-layout hide-in-desktop hide-in-tablet has-vertical-unset\"><div class=\"wp-block-themeisle-blocks-advanced-columns-overlay\"><\/div><div class=\"innerblocks-wrap\">\n<div id=\"wp-block-themeisle-blocks-advanced-column-9ce2a93e\" class=\"wp-block-themeisle-blocks-advanced-column\">\n<div style=\"height:20px\" aria-hidden=\"true\" class=\"wp-block-spacer\"><\/div>\n\n\n\n<div id=\"wp-block-themeisle-blocks-button-group-ebe0b768\" class=\"wp-block-themeisle-blocks-button-group wp-block-buttons align-center-desktop\">\n<div id=\"wp-block-themeisle-blocks-button-a1aca8cb\" class=\"wp-block-themeisle-blocks-button wp-block-button\"><a href=\"https:\/\/oralstudio.hu\/EN\/#onlinebejelentkezes\" target=\"_self\" rel=\"noopener noreferrer\" class=\"wp-block-button__link\"><span>APPOINTMENT BOOKING<\/span><\/a><\/div>\n<\/div>\n\n\n\n<div style=\"height:15px\" aria-hidden=\"true\" class=\"wp-block-spacer\"><\/div>\n<\/div>\n<\/div><\/div>\n\n\n\n<h2 class=\"wp-block-heading alignfull has-text-align-center ticss-fad13a29 has-nv-text-dark-bg-color has-nv-light-bg-background-color has-text-color has-background has-link-color has-large-font-size wp-elements-83902a3d0daec02a2f69376c257bd109\"><strong><strong>Periodontology<\/strong><\/strong><\/h2>\n\n\n\n<h2 class=\"wp-block-heading alignfull has-text-align-center has-nv-text-dark-bg-color has-nv-light-bg-background-color has-text-color has-background has-link-color has-medium-font-size wp-elements-780e8e910ae06f7f70a69cf0ed9a68fd\"><strong><strong>Periodontology<\/strong><\/strong><\/h2>\n\n\n\n<div id=\"wp-block-themeisle-blocks-advanced-columns-c5ae12e2\" class=\"wp-block-themeisle-blocks-advanced-columns has-1-columns has-desktop-equal-layout has-tablet-equal-layout has-mobile-equal-layout has-vertical-unset\"><div class=\"wp-block-themeisle-blocks-advanced-columns-overlay\"><\/div><div class=\"innerblocks-wrap\">\n<div id=\"wp-block-themeisle-blocks-advanced-column-7aca07db\" class=\"wp-block-themeisle-blocks-advanced-column\">\n<p class=\"ticss-9d74869c\">Healthy gums are just as important as healthy teeth when it comes to maintaining overall oral health. Yet gum problems often do not receive the attention they deserve. At OralMed Studio, we take periodontology seriously, as timely periodontal care can help prevent avoidable tooth loss in the future.<\/p>\n\n\n\n<p class=\"ticss-44501f30\"><strong><strong><strong>What is periodontology exactly?<\/strong><\/strong><\/strong><\/p>\n\n\n\n<p>Periodontology is a specialist field of dentistry that focuses on the health of the gums and the supporting tissues around the teeth. These tissues play an essential role in keeping the teeth stable and healthy.<\/p>\n\n\n\n<p>Gum diseases, including gingivitis and periodontitis are very common and often develop slowly, without noticeable symptoms at first. If left untreated, it can damage the gums and the supporting structures of the teeth, which may eventually lead to tooth mobility or tooth loss.<\/p>\n\n\n\n<p>Periodontal treatment helps to prevent, diagnose and manage these conditions, supporting long-term oral health and helping patients keep their natural teeth for as long as possible.<\/p>\n\n\n\n<p><strong>Advanced periodontal treatment for gum health and tooth stability<\/strong><\/p>\n\n\n\n<ol class=\"wp-block-list\"><\/ol>\n\n\n\n<div class=\"wp-block-group\"><div class=\"wp-block-group__inner-container is-layout-constrained wp-block-group-is-layout-constrained\">\n<p>Our specialists use advanced diagnostic technology, professional deep cleaning, anti-inflammatory therapies and, when needed, surgical treatment to restore the health of the gums and the bone supporting the teeth. Regular periodontal check-ups and timely treatment play an essential role in preventing gum disease from progressing and helping you keep your natural teeth healthy and stable for the long term.<\/p>\n\n\n\n<p>To help prevent periodontal disease and maintain proper oral hygiene, we recommend professional tartar removal \u2014 also known as oral hygiene treatment \u2014 at least once a year for every patient.<\/p>\n\n\n\n<p>Please feel free to contact us if you experience bleeding gums, swelling, bad breath or loose teeth. At OralMed Studio we help our patients enjoy smiles that are not only beautiful, but healthy as well.<\/p>\n\n\n\n<p><strong>Professional cleaning below the gumline:\u00a0 periodontal curettage<\/strong><\/p>\n\n\n\n<ol start=\"2\" class=\"wp-block-list\"><\/ol>\n<\/div><\/div>\n\n\n\n<p class=\"ticss-39a27f58\">There are two main techniques used to clean the areas below the gumline: closed curettage and open curettage.<\/p>\n\n\n\n<p class=\"ticss-ae668a40\"><strong>Closed curettage<\/strong> is a deep cleaning procedure performed under local anaesthesia. During the treatment, the periodontist carefully cleans the periodontal pockets below the gumline and removes infected tissue, plaque and tartar using special instruments.<\/p>\n\n\n\n<p><strong>Open curettage <\/strong>may be recommended when the affected areas are deeper or more difficult to access. In this case, the gum is gently opened so the periodontist can see and thoroughly clean the deeper parts of the periodontal pockets. After cleaning, the gum is gently placed back into position and secured with sutures to support healing.<\/p>\n\n\n\n<p><strong>Beyond deep cleaning: advanced periodontal care<\/strong><\/p>\n\n\n\n<p>In some cases, treating periodontal disease requires additional surgical procedures. When this is necessary, bone grafting materials, collagen-based products and other regenerative materials may be used to help rebuild the tissues around the teeth.<\/p>\n\n\n\n<p>After periodontal treatments, proper follow-up care is essential. This includes regular dental check-ups, professional oral hygiene treatment at least once a year \u2014 or more frequently if recommended by your dentist or dental hygienist \u2014 and maintaining good oral hygiene at home. In some cases, repeated periodontal treatment may also be necessary to keep the condition under control.<\/p>\n\n\n\n<p>By taking care of your oral health, you are also helping to protect your natural teeth and support your overall wellbeing for years to come.<\/p>\n<\/div>\n<\/div><\/div>\n\n\n\n<div class=\"wp-block-buttons is-content-justification-center is-layout-flex wp-container-core-buttons-is-layout-16018d1d wp-block-buttons-is-layout-flex\">\n<div class=\"wp-block-button ticss-56151019\"><a class=\"wp-block-button__link has-nv-site-bg-color has-neve-link-hover-color-background-color has-text-color has-background has-link-color wp-element-button\" href=\"https:\/\/oralstudio.hu\/EN\/#szolgaltatasaink\" style=\"border-radius:2px\">&lt;&lt; SERVICES<\/a><\/div>\n<\/div>\n","protected":false},"excerpt":{"rendered":"<p>Periodontology Periodontology<\/p>\n","protected":false},"author":1,"featured_media":0,"parent":0,"menu_order":0,"comment_status":"closed","ping_status":"closed","template":"","meta":{"sfsi_plus_gutenberg_text_before_share":"","sfsi_plus_gutenberg_show_text_before_share":"","sfsi_plus_gutenberg_icon_type":"","sfsi_plus_gutenberg_icon_alignemt":"","sfsi_plus_gutenburg_max_per_row":"","neve_meta_sidebar":"","neve_meta_container":"full-width","neve_meta_enable_content_width":"","neve_meta_content_width":0,"neve_meta_title_alignment":"center","neve_meta_author_avatar":"","neve_post_elements_order":"","neve_meta_disable_header":"","neve_meta_disable_footer":"","neve_meta_disable_title":"on","_themeisle_gutenberg_block_has_review":false,"footnotes":""},"class_list":["post-764","page","type-page","status-publish","hentry"],"_links":{"self":[{"href":"https:\/\/oralstudio.hu\/EN\/wp-json\/wp\/v2\/pages\/764","targetHints":{"allow":["GET"]}}],"collection":[{"href":"https:\/\/oralstudio.hu\/EN\/wp-json\/wp\/v2\/pages"}],"about":[{"href":"https:\/\/oralstudio.hu\/EN\/wp-json\/wp\/v2\/types\/page"}],"author":[{"embeddable":true,"href":"https:\/\/oralstudio.hu\/EN\/wp-json\/wp\/v2\/users\/1"}],"replies":[{"embeddable":true,"href":"https:\/\/oralstudio.hu\/EN\/wp-json\/wp\/v2\/comments?post=764"}],"version-history":[{"count":21,"href":"https:\/\/oralstudio.hu\/EN\/wp-json\/wp\/v2\/pages\/764\/revisions"}],"predecessor-version":[{"id":3153,"href":"https:\/\/oralstudio.hu\/EN\/wp-json\/wp\/v2\/pages\/764\/revisions\/3153"}],"wp:attachment":[{"href":"https:\/\/oralstudio.hu\/EN\/wp-json\/wp\/v2\/media?parent=764"}],"curies":[{"name":"wp","href":"https:\/\/api.w.org\/{rel}","templated":true}]}}