{"id":735,"date":"2023-09-27T08:06:35","date_gmt":"2023-09-27T06:06:35","guid":{"rendered":"https:\/\/oralstudio.hu\/EN\/?page_id=735"},"modified":"2026-05-04T10:13:39","modified_gmt":"2026-05-04T08:13:39","slug":"examination-diagnostic","status":"publish","type":"page","link":"https:\/\/oralstudio.hu\/EN\/examination-diagnostic\/","title":{"rendered":"EXAMINATION, DIAGNOSTIC"},"content":{"rendered":"\n<div id=\"wp-block-themeisle-blocks-advanced-columns-6a7506dd\" class=\"wp-block-themeisle-blocks-advanced-columns alignfull has-1-columns has-mobile-equal-layout hide-in-desktop hide-in-tablet has-vertical-unset has-dark-bg\"><div class=\"wp-block-themeisle-blocks-advanced-columns-overlay\"><\/div><div class=\"innerblocks-wrap\">\n<div id=\"wp-block-themeisle-blocks-advanced-column-207b33d0\" class=\"wp-block-themeisle-blocks-advanced-column\">\n<div id=\"wp-block-themeisle-blocks-button-group-577b5549\" class=\"wp-block-themeisle-blocks-button-group wp-block-buttons align-center-desktop\">\n<div id=\"wp-block-themeisle-blocks-button-15ddb25d\" class=\"wp-block-themeisle-blocks-button wp-block-button\"><a href=\"https:\/\/maps.app.goo.gl\/c7wkC4r5sd8sawUA7\" target=\"_self\" rel=\"noopener noreferrer\" class=\"wp-block-button__link\"><i class=\"fas fa-fw fa-map-marker-alt\"><\/i><\/a><\/div>\n\n\n\n<div id=\"wp-block-themeisle-blocks-button-e823ba53\" class=\"wp-block-themeisle-blocks-button wp-block-button\"><a href=\"tel:+3612121930\" target=\"_self\" rel=\"noopener noreferrer\" class=\"wp-block-button__link\"><i class=\"fas fa-fw fa-phone-square-alt\"><\/i><\/a><\/div>\n\n\n\n<div id=\"wp-block-themeisle-blocks-button-d244b0f6\" class=\"wp-block-themeisle-blocks-button wp-block-button\"><a href=\"https:\/\/wa.me\/36703986638\" target=\"_self\" rel=\"noopener noreferrer\" class=\"wp-block-button__link\"><i class=\"fab fa-fw fa-whatsapp-square\"><\/i><\/a><\/div>\n\n\n\n<div id=\"wp-block-themeisle-blocks-button-9aa49684\" class=\"wp-block-themeisle-blocks-button wp-block-button\"><a href=\"mailto:info@oralstudio.hu\" target=\"_self\" rel=\"noopener noreferrer\" class=\"wp-block-button__link\"><i class=\"fas fa-fw fa-envelope-square\"><\/i><\/a><\/div>\n<\/div>\n<\/div>\n<\/div><\/div>\n\n\n\n<div id=\"wp-block-themeisle-blocks-advanced-columns-0a700b88\" class=\"wp-block-themeisle-blocks-advanced-columns alignfull has-1-columns has-desktop-twoOne-layout hide-in-tablet hide-in-mobile has-vertical-center has-dark-bg\"><div class=\"wp-block-themeisle-blocks-advanced-columns-overlay\"><\/div><div class=\"innerblocks-wrap\">\n<div id=\"wp-block-themeisle-blocks-advanced-column-32c2975e\" class=\"wp-block-themeisle-blocks-advanced-column\">\n<div id=\"wp-block-themeisle-blocks-icon-list-ce636c70\" class=\"wp-block-themeisle-blocks-icon-list is-style-horizontal ticss-37725372\">\n<div id=\"wp-block-themeisle-blocks-icon-list-item-46cc71b4\" class=\"wp-block-themeisle-blocks-icon-list-item\"><i class=\"fas fa-map-marker-alt wp-block-themeisle-blocks-icon-list-item-icon\"><\/i><p class=\"wp-block-themeisle-blocks-icon-list-item-content\">1126 BUDAPEST, B\u00d6SZ\u00d6RM\u00c9NYI STREET 2.\u00a0<\/p><\/div>\n\n\n\n<div id=\"wp-block-themeisle-blocks-icon-list-item-4bef7f10\" class=\"wp-block-themeisle-blocks-icon-list-item\"><i class=\"fas fa-phone-alt wp-block-themeisle-blocks-icon-list-item-icon\"><\/i><p class=\"wp-block-themeisle-blocks-icon-list-item-content\">\u00a0+36 1 212 1930<\/p><\/div>\n\n\n\n<div id=\"wp-block-themeisle-blocks-icon-list-item-e609f1de\" class=\"wp-block-themeisle-blocks-icon-list-item\"><i class=\"fab fa-whatsapp wp-block-themeisle-blocks-icon-list-item-icon\"><\/i><p class=\"wp-block-themeisle-blocks-icon-list-item-content\">+36 70 398 6638<\/p><\/div>\n\n\n\n<div id=\"wp-block-themeisle-blocks-icon-list-item-cafd1cc8\" class=\"wp-block-themeisle-blocks-icon-list-item\"><i class=\"far fa-envelope wp-block-themeisle-blocks-icon-list-item-icon\"><\/i><p class=\"wp-block-themeisle-blocks-icon-list-item-content\">\u00a0INFO@ORALSTUDIO.HU<\/p><\/div>\n<\/div>\n<\/div>\n<\/div><\/div>\n\n\n\n<div id=\"wp-block-themeisle-blocks-advanced-columns-e837dc6c\" class=\"wp-block-themeisle-blocks-advanced-columns alignfull has-1-columns has-desktop-equal-layout hide-in-tablet hide-in-mobile has-vertical-center ticss-e837dc6c\"><div class=\"wp-block-themeisle-blocks-advanced-columns-overlay\"><\/div><div class=\"innerblocks-wrap\">\n<div id=\"wp-block-themeisle-blocks-advanced-column-a2642a75\" class=\"wp-block-themeisle-blocks-advanced-column\">\n<div id=\"wp-block-themeisle-blocks-button-group-7d9e28ce\" class=\"wp-block-themeisle-blocks-button-group wp-block-buttons align-right-desktop ticss-7e5d7657\">\n<div id=\"wp-block-themeisle-blocks-button-0c6834b4\" class=\"wp-block-themeisle-blocks-button wp-block-button\"><a href=\"https:\/\/oralstudio.hu\/EN\/#onlinebejelentkezes\" target=\"_self\" rel=\"noopener noreferrer\" class=\"wp-block-button__link\"><span>APPOINTMENT BOOKING<\/span><\/a><\/div>\n<\/div>\n<\/div>\n<\/div><\/div>\n\n\n\n<div id=\"wp-block-themeisle-blocks-advanced-columns-0daeb767\" class=\"wp-block-themeisle-blocks-advanced-columns has-1-columns has-mobile-equal-layout hide-in-desktop hide-in-tablet has-vertical-unset\"><div class=\"wp-block-themeisle-blocks-advanced-columns-overlay\"><\/div><div class=\"innerblocks-wrap\">\n<div id=\"wp-block-themeisle-blocks-advanced-column-9ce2a93e\" class=\"wp-block-themeisle-blocks-advanced-column\">\n<div style=\"height:20px\" aria-hidden=\"true\" class=\"wp-block-spacer\"><\/div>\n\n\n\n<div id=\"wp-block-themeisle-blocks-button-group-ebe0b768\" class=\"wp-block-themeisle-blocks-button-group wp-block-buttons align-center-desktop\">\n<div id=\"wp-block-themeisle-blocks-button-a1aca8cb\" class=\"wp-block-themeisle-blocks-button wp-block-button\"><a href=\"https:\/\/oralstudio.hu\/EN\/#onlinebejelentkezes\" target=\"_self\" rel=\"noopener noreferrer\" class=\"wp-block-button__link\"><span>APPOINTMENT BOOKING<\/span><\/a><\/div>\n<\/div>\n\n\n\n<div style=\"height:15px\" aria-hidden=\"true\" class=\"wp-block-spacer\"><\/div>\n<\/div>\n<\/div><\/div>\n\n\n\n<h2 class=\"wp-block-heading alignfull has-text-align-center ticss-fad13a29 has-nv-text-dark-bg-color has-nv-light-bg-background-color has-text-color has-background has-link-color has-large-font-size wp-elements-b8aad9c6b0ca2c2c9758270273eb87c8\"><strong>EXAMINATION, DIAGNOSTICS<\/strong><\/h2>\n\n\n\n<h2 class=\"wp-block-heading alignfull has-text-align-center has-nv-text-dark-bg-color has-nv-light-bg-background-color has-text-color has-background has-link-color has-medium-font-size wp-elements-0a879f2b600d6d0b0b7cbefa62f7a02c\"><strong>EXAMINATION, DIAGNOSTICS<\/strong><\/h2>\n\n\n\n<div id=\"wp-block-themeisle-blocks-advanced-columns-c2546991\" class=\"wp-block-themeisle-blocks-advanced-columns has-1-columns has-desktop-equal-layout has-tablet-equal-layout has-mobile-equal-layout has-vertical-unset\"><div class=\"wp-block-themeisle-blocks-advanced-columns-overlay\"><\/div><div class=\"innerblocks-wrap\">\n<div id=\"wp-block-themeisle-blocks-advanced-column-a6fc0db1\" class=\"wp-block-themeisle-blocks-advanced-column\"><div class=\"wp-block-image\">\n<figure class=\"alignleft size-full is-resized has-custom-border\"><img loading=\"lazy\" decoding=\"async\" width=\"768\" height=\"1024\" src=\"https:\/\/oralstudio.hu\/EN\/wp-content\/uploads\/2024\/06\/allapotfelmeres-768x1024-1.webp\" alt=\"\" class=\"wp-image-2516\" style=\"border-radius:3px;width:328px;height:auto\" srcset=\"https:\/\/oralstudio.hu\/EN\/wp-content\/uploads\/2024\/06\/allapotfelmeres-768x1024-1.webp 768w, https:\/\/oralstudio.hu\/EN\/wp-content\/uploads\/2024\/06\/allapotfelmeres-768x1024-1-225x300.webp 225w\" sizes=\"auto, (max-width: 768px) 100vw, 768px\" \/><\/figure>\n<\/div>\n\n\n<p class=\"ticss-bdea913c\">Dental assessment is an extremely important and fundamental in maintaining and improving oral health. During this process, the dentist pays close attention to tooth decay, gum disease, any existing dental restorations or previous interventions, as well as the exclusion of oral diseases, oral cancer and precancerous lesions. The purpose of the examination is to preserve healthy dentition, detect problems at an early stage, develop an appropriate treatment plan, and, if necessary, refer the patient to the relevant specialist.<\/p>\n\n\n\n<p class=\"ticss-f68cb606\">Our clinic, which has been operating for thirty years, covers the full spectrum of dental care. This means that our patients\u2019 oral health problems are treated in-house by our own experienced specialists, whether in oral surgery, prosthodontics, orthodontics, or periodontology.<\/p>\n\n\n\n<p><strong>What happens during the examination?<\/strong><\/p>\n\n\n\n<p class=\"ticss-4ce7ff71\">The examination is not limited to the teeth alone: a thorough assessment also includes the oral cavity, the tooth-supporting structures, the jawbone, the mucosa, and the masticatory muscles, supplemented by X-rays and, if required, other diagnostic methods. At OralMed Studio, this is exactly how we proceed: we establish a diagnosis and then select the appropriate therapy together with the patient.<\/p>\n\n\n\n<p><strong>Why choose a digital dental examination?<\/strong><\/p>\n\n\n\n<p class=\"ticss-950091be\" style=\"padding-top:0;padding-right:0;padding-bottom:0;padding-left:0\">The advantage of a digital dental examination is that it provides more accurate and faster results, which can also be easily compared with previous examinations. In addition, digital data can be stored and shared with other professionals more easily, which can support treatment planning and improve the efficiency of patient care.<\/p>\n\n\n\n<p>Our clinic is equipped with the most advanced digital X-ray and CT technology currently available. In addition to standard images, our equipment is capable of producing detailed and sectional images of the temporomandibular joint, the sinuses, and the jawbones, as well as reconstructed stereo images.<\/p>\n\n\n\n<div style=\"height:15px\" aria-hidden=\"true\" class=\"wp-block-spacer\"><\/div>\n\n\n\n<div class=\"wp-block-group has-nv-site-bg-color has-neve-link-color-background-color has-text-color has-background has-link-color wp-elements-934eae063c71a0c756416f478ad343ed\" style=\"padding-top:var(--wp--preset--spacing--40);padding-right:var(--wp--preset--spacing--40);padding-bottom:var(--wp--preset--spacing--40);padding-left:var(--wp--preset--spacing--40)\"><div class=\"wp-block-group__inner-container is-layout-constrained wp-container-core-group-is-layout-af10a197 wp-block-group-is-layout-constrained\">\n<p class=\"ticss-1decdca5\"><strong><strong><strong>The importance of oral cancer screening at our clinic<\/strong><\/strong><\/strong><\/p>\n\n\n\n<p class=\"ticss-cba15fd3\">Oral cancers and precancerous conditions can be detected early with thorough, regular examinations and may be successfully treated with appropriate intervention. At OralMed Studio, oral cancer screening is performed for all new patients and repeated at regular intervals for our existing patients. This examination includes a detailed assessment of the entire oral mucosa, the teeth, the pharynx, and the cervical lymph nodes, supporting early detection and helping reduce the risk of disease progression. In the presence of specific symptoms or suspicion, we carry out further examinations and refer the patient to our specialist with expertise in the relevant field.<\/p>\n<\/div><\/div>\n\n\n\n<div style=\"height:15px\" aria-hidden=\"true\" class=\"wp-block-spacer\"><\/div>\n\n\n\n<p class=\"ticss-81a4e075\"><strong><strong><strong>Histology, laboratory tests, bacterial cultur<\/strong><\/strong>e tests<\/strong><\/p>\n\n\n\n<p class=\"ticss-fe75b10a\">If our specialist considers further analysis of the removed tissue, blood, or secretions necessary, the samples are sent to an external laboratory or pathology department working in close cooperation with our clinic. This is essential in order to establish the most accurate diagnosis possible and then prepare the appropriate treatment plan. The reports of these examinations are always provided to our patients electronically and, if needed, in printed form as well.<\/p>\n<\/div>\n<\/div><\/div>\n\n\n\n<div class=\"wp-block-buttons ticss-fffbf0cb is-content-justification-center is-layout-flex wp-container-core-buttons-is-layout-16018d1d wp-block-buttons-is-layout-flex\" style=\"font-style:normal;font-weight:400\">\n<div class=\"wp-block-button\"><a class=\"wp-block-button__link has-nv-site-bg-color has-neve-link-hover-color-background-color has-text-color has-background has-text-align-center wp-element-button\" href=\"https:\/\/oralstudio.hu\/EN\/#szolgaltatasaink\" style=\"border-radius:2px;font-style:normal;font-weight:400\">&lt;&lt; SERVICES<\/a><\/div>\n<\/div>\n","protected":false},"excerpt":{"rendered":"<p>EXAMINATION, DIAGNOSTICS EXAMINATION, DIAGNOSTICS<\/p>\n","protected":false},"author":1,"featured_media":0,"parent":0,"menu_order":0,"comment_status":"closed","ping_status":"closed","template":"","meta":{"sfsi_plus_gutenberg_text_before_share":"","sfsi_plus_gutenberg_show_text_before_share":"","sfsi_plus_gutenberg_icon_type":"","sfsi_plus_gutenberg_icon_alignemt":"","sfsi_plus_gutenburg_max_per_row":"","neve_meta_sidebar":"","neve_meta_container":"full-width","neve_meta_enable_content_width":"","neve_meta_content_width":0,"neve_meta_title_alignment":"center","neve_meta_author_avatar":"","neve_post_elements_order":"","neve_meta_disable_header":"","neve_meta_disable_footer":"","neve_meta_disable_title":"on","_themeisle_gutenberg_block_has_review":false,"footnotes":""},"class_list":["post-735","page","type-page","status-publish","hentry"],"_links":{"self":[{"href":"https:\/\/oralstudio.hu\/EN\/wp-json\/wp\/v2\/pages\/735","targetHints":{"allow":["GET"]}}],"collection":[{"href":"https:\/\/oralstudio.hu\/EN\/wp-json\/wp\/v2\/pages"}],"about":[{"href":"https:\/\/oralstudio.hu\/EN\/wp-json\/wp\/v2\/types\/page"}],"author":[{"embeddable":true,"href":"https:\/\/oralstudio.hu\/EN\/wp-json\/wp\/v2\/users\/1"}],"replies":[{"embeddable":true,"href":"https:\/\/oralstudio.hu\/EN\/wp-json\/wp\/v2\/comments?post=735"}],"version-history":[{"count":48,"href":"https:\/\/oralstudio.hu\/EN\/wp-json\/wp\/v2\/pages\/735\/revisions"}],"predecessor-version":[{"id":3072,"href":"https:\/\/oralstudio.hu\/EN\/wp-json\/wp\/v2\/pages\/735\/revisions\/3072"}],"wp:attachment":[{"href":"https:\/\/oralstudio.hu\/EN\/wp-json\/wp\/v2\/media?parent=735"}],"curies":[{"name":"wp","href":"https:\/\/api.w.org\/{rel}","templated":true}]}}