{"id":2898,"date":"2026-04-01T13:03:35","date_gmt":"2026-04-01T11:03:35","guid":{"rendered":"https:\/\/oralstudio.hu\/EN\/?page_id=2898"},"modified":"2026-05-04T10:17:44","modified_gmt":"2026-05-04T08:17:44","slug":"roohi-fard-pour-ghazaleh-dmd","status":"publish","type":"page","link":"https:\/\/oralstudio.hu\/EN\/roohi-fard-pour-ghazaleh-dmd\/","title":{"rendered":"ROOHI FARD POUR GHAZALEH, DMD"},"content":{"rendered":"\n<div id=\"wp-block-themeisle-blocks-advanced-columns-6a7506dd\" class=\"wp-block-themeisle-blocks-advanced-columns alignfull has-1-columns has-mobile-equal-layout hide-in-desktop hide-in-tablet has-vertical-unset has-dark-bg\"><div class=\"wp-block-themeisle-blocks-advanced-columns-overlay\"><\/div><div class=\"innerblocks-wrap\">\n<div id=\"wp-block-themeisle-blocks-advanced-column-207b33d0\" class=\"wp-block-themeisle-blocks-advanced-column\">\n<div id=\"wp-block-themeisle-blocks-button-group-577b5549\" class=\"wp-block-themeisle-blocks-button-group wp-block-buttons align-center-desktop\">\n<div id=\"wp-block-themeisle-blocks-button-15ddb25d\" class=\"wp-block-themeisle-blocks-button wp-block-button\"><a href=\"https:\/\/maps.app.goo.gl\/c7wkC4r5sd8sawUA7\" target=\"_self\" rel=\"noopener noreferrer\" class=\"wp-block-button__link\"><i class=\"fas fa-fw fa-map-marker-alt\"><\/i><\/a><\/div>\n\n\n\n<div id=\"wp-block-themeisle-blocks-button-e823ba53\" class=\"wp-block-themeisle-blocks-button wp-block-button\"><a href=\"tel:+3612121930\" target=\"_self\" rel=\"noopener noreferrer\" class=\"wp-block-button__link\"><i class=\"fas fa-fw fa-phone-square-alt\"><\/i><\/a><\/div>\n\n\n\n<div id=\"wp-block-themeisle-blocks-button-d244b0f6\" class=\"wp-block-themeisle-blocks-button wp-block-button\"><a href=\"https:\/\/wa.me\/36703986638\" target=\"_self\" rel=\"noopener noreferrer\" class=\"wp-block-button__link\"><i class=\"fab fa-fw fa-whatsapp-square\"><\/i><\/a><\/div>\n\n\n\n<div id=\"wp-block-themeisle-blocks-button-9aa49684\" class=\"wp-block-themeisle-blocks-button wp-block-button\"><a href=\"mailto:info@oralstudio.hu\" target=\"_self\" rel=\"noopener noreferrer\" class=\"wp-block-button__link\"><i class=\"fas fa-fw fa-envelope-square\"><\/i><\/a><\/div>\n<\/div>\n<\/div>\n<\/div><\/div>\n\n\n\n<div id=\"wp-block-themeisle-blocks-advanced-columns-0a700b88\" class=\"wp-block-themeisle-blocks-advanced-columns alignfull has-1-columns has-desktop-twoOne-layout hide-in-tablet hide-in-mobile has-vertical-center has-dark-bg\"><div class=\"wp-block-themeisle-blocks-advanced-columns-overlay\"><\/div><div class=\"innerblocks-wrap\">\n<div id=\"wp-block-themeisle-blocks-advanced-column-32c2975e\" class=\"wp-block-themeisle-blocks-advanced-column\">\n<div id=\"wp-block-themeisle-blocks-icon-list-ce636c70\" class=\"wp-block-themeisle-blocks-icon-list is-style-horizontal ticss-37725372\">\n<div id=\"wp-block-themeisle-blocks-icon-list-item-46cc71b4\" class=\"wp-block-themeisle-blocks-icon-list-item\"><i class=\"fas fa-map-marker-alt wp-block-themeisle-blocks-icon-list-item-icon\"><\/i><p class=\"wp-block-themeisle-blocks-icon-list-item-content\">1126 BUDAPEST, B\u00d6SZ\u00d6RM\u00c9NYI STREET 2.\u00a0<\/p><\/div>\n\n\n\n<div id=\"wp-block-themeisle-blocks-icon-list-item-4bef7f10\" class=\"wp-block-themeisle-blocks-icon-list-item\"><i class=\"fas fa-phone-alt wp-block-themeisle-blocks-icon-list-item-icon\"><\/i><p class=\"wp-block-themeisle-blocks-icon-list-item-content\">\u00a0+36 1 212 1930<\/p><\/div>\n\n\n\n<div id=\"wp-block-themeisle-blocks-icon-list-item-e609f1de\" class=\"wp-block-themeisle-blocks-icon-list-item\"><i class=\"fab fa-whatsapp wp-block-themeisle-blocks-icon-list-item-icon\"><\/i><p class=\"wp-block-themeisle-blocks-icon-list-item-content\">+36 70 398 6638<\/p><\/div>\n\n\n\n<div id=\"wp-block-themeisle-blocks-icon-list-item-cafd1cc8\" class=\"wp-block-themeisle-blocks-icon-list-item\"><i class=\"far fa-envelope wp-block-themeisle-blocks-icon-list-item-icon\"><\/i><p class=\"wp-block-themeisle-blocks-icon-list-item-content\">\u00a0INFO@ORALSTUDIO.HU<\/p><\/div>\n<\/div>\n<\/div>\n<\/div><\/div>\n\n\n\n<div id=\"wp-block-themeisle-blocks-advanced-columns-e837dc6c\" class=\"wp-block-themeisle-blocks-advanced-columns alignfull has-1-columns has-desktop-equal-layout hide-in-tablet hide-in-mobile has-vertical-center ticss-e837dc6c\"><div class=\"wp-block-themeisle-blocks-advanced-columns-overlay\"><\/div><div class=\"innerblocks-wrap\">\n<div id=\"wp-block-themeisle-blocks-advanced-column-a2642a75\" class=\"wp-block-themeisle-blocks-advanced-column\">\n<div id=\"wp-block-themeisle-blocks-button-group-7d9e28ce\" class=\"wp-block-themeisle-blocks-button-group wp-block-buttons align-right-desktop ticss-7e5d7657\">\n<div id=\"wp-block-themeisle-blocks-button-0c6834b4\" class=\"wp-block-themeisle-blocks-button wp-block-button\"><a href=\"https:\/\/oralstudio.hu\/EN\/#onlinebejelentkezes\" target=\"_self\" rel=\"noopener noreferrer\" class=\"wp-block-button__link\"><span>APPOINTMENT BOOKING<\/span><\/a><\/div>\n<\/div>\n<\/div>\n<\/div><\/div>\n\n\n\n<div style=\"height:100px\" aria-hidden=\"true\" class=\"wp-block-spacer\"><\/div>\n\n\n\n<div id=\"wp-block-themeisle-blocks-advanced-columns-84ac06ce\" class=\"wp-block-themeisle-blocks-advanced-columns has-2-columns has-desktop-oneTwo-layout has-tablet-equal-layout has-mobile-collapsedRows-layout has-vertical-unset\"><div class=\"wp-block-themeisle-blocks-advanced-columns-overlay\"><\/div><div class=\"innerblocks-wrap\">\n<div id=\"wp-block-themeisle-blocks-advanced-column-a1a48dec\" class=\"wp-block-themeisle-blocks-advanced-column\"><div class=\"wp-block-image\">\n<figure class=\"aligncenter size-full is-resized\"><img loading=\"lazy\" decoding=\"async\" width=\"533\" height=\"800\" src=\"https:\/\/oralstudio.hu\/EN\/wp-content\/uploads\/2023\/09\/Dr.-Roohi-Fard-Pour-Ghazaleh.webp\" alt=\"Dr. Roohi Fard Pour Ghazaleh\" class=\"wp-image-823\" style=\"width:300px\" srcset=\"https:\/\/oralstudio.hu\/EN\/wp-content\/uploads\/2023\/09\/Dr.-Roohi-Fard-Pour-Ghazaleh.webp 533w, https:\/\/oralstudio.hu\/EN\/wp-content\/uploads\/2023\/09\/Dr.-Roohi-Fard-Pour-Ghazaleh-200x300.webp 200w\" sizes=\"auto, (max-width: 533px) 100vw, 533px\" \/><\/figure>\n<\/div>\n\n\n<h2 class=\"wp-block-heading has-text-align-center ticss-3d81da43 has-nv-dark-bg-color has-text-color has-link-color wp-elements-b832532e2d849f9c6950793dea6781bb\" style=\"font-size:20px\"><strong>ROOHI FARD POUR<br>GHAZALEH, DMD<\/strong><\/h2>\n\n\n\n<p class=\"has-text-align-center ticss-51ad6e84\" style=\"font-size:14px\"><strong>Orthodontic specialist<\/strong><\/p>\n\n\n\n<p class=\"has-text-align-center\" style=\"font-size:14px\"><strong>Office Hours<\/strong><br>Tuesday: 13:30 \u2013 18:30<br>Thursday: 11:00 \u2013 18:00<\/p>\n<\/div>\n\n\n\n<div id=\"wp-block-themeisle-blocks-advanced-column-375d9de9\" class=\"wp-block-themeisle-blocks-advanced-column\">\n<p class=\"ticss-301834b0\">&#8222;I see orthodontics as the art of creating harmony\u2014where function and aesthetics work together to shape a smile a patient will carry for a lifetime.<\/p>\n\n\n\n<p class=\"ticss-3e75cb21\">I graduated in 2009 from the Faculty of Dentistry at the University of Debrecen, and then began my residency at Dr. Borb\u00e9ly Orthodontic Studio, where I learned that predictable results come from thoughtful planning, precision, and a great deal of patience. In 2021, I became part of the OralMed Studio team, where modern orthodontic principles are paired with truly personalized, attentive care.<\/p>\n\n\n\n<p class=\"ticss-f9034d8d\">I work with both adults and pediatric patients, tailoring each treatment to the individual\u2019s needs, everyday life, and goals. Removable, fixed, and clear aligner systems each require a different approach to planning and communication\u2014and I genuinely enjoy that variety in my work.<\/p>\n\n\n\n<p class=\"ticss-f310dce6\">I\u2019ve always valued professional growth, which is why I consistently seek out courses and trainings both in Hungary and internationally. I\u2019m especially drawn to TADs, self-ligating techniques, maxillary expansion, and interdisciplinary cases\u2014core pillars of modern orthodontic care.<\/p>\n\n\n\n<p class=\"ticss-f310dce6\">For me, the treatment process is built on trust and teamwork.&nbsp;Orthodontic care is a long-term commitment, and great outcomes depend on a strong, steady collaboration. I believe \u201cgood work\u201d goes beyond aesthetics\u2014it\u2019s about a stable, functional result that improves everyday comfort and quality of life over the long term.&#8221;<\/p>\n<\/div>\n<\/div><\/div>\n\n\n\n<div style=\"height:100px\" aria-hidden=\"true\" class=\"wp-block-spacer\"><\/div>\n","protected":false},"excerpt":{"rendered":"","protected":false},"author":1,"featured_media":0,"parent":0,"menu_order":0,"comment_status":"closed","ping_status":"closed","template":"","meta":{"sfsi_plus_gutenberg_text_before_share":"","sfsi_plus_gutenberg_show_text_before_share":"","sfsi_plus_gutenberg_icon_type":"","sfsi_plus_gutenberg_icon_alignemt":"","sfsi_plus_gutenburg_max_per_row":"","neve_meta_sidebar":"","neve_meta_container":"","neve_meta_enable_content_width":"","neve_meta_content_width":0,"neve_meta_title_alignment":"","neve_meta_author_avatar":"","neve_post_elements_order":"","neve_meta_disable_header":"","neve_meta_disable_footer":"","neve_meta_disable_title":"on","_themeisle_gutenberg_block_has_review":false,"footnotes":""},"class_list":["post-2898","page","type-page","status-publish","hentry"],"_links":{"self":[{"href":"https:\/\/oralstudio.hu\/EN\/wp-json\/wp\/v2\/pages\/2898","targetHints":{"allow":["GET"]}}],"collection":[{"href":"https:\/\/oralstudio.hu\/EN\/wp-json\/wp\/v2\/pages"}],"about":[{"href":"https:\/\/oralstudio.hu\/EN\/wp-json\/wp\/v2\/types\/page"}],"author":[{"embeddable":true,"href":"https:\/\/oralstudio.hu\/EN\/wp-json\/wp\/v2\/users\/1"}],"replies":[{"embeddable":true,"href":"https:\/\/oralstudio.hu\/EN\/wp-json\/wp\/v2\/comments?post=2898"}],"version-history":[{"count":6,"href":"https:\/\/oralstudio.hu\/EN\/wp-json\/wp\/v2\/pages\/2898\/revisions"}],"predecessor-version":[{"id":3087,"href":"https:\/\/oralstudio.hu\/EN\/wp-json\/wp\/v2\/pages\/2898\/revisions\/3087"}],"wp:attachment":[{"href":"https:\/\/oralstudio.hu\/EN\/wp-json\/wp\/v2\/media?parent=2898"}],"curies":[{"name":"wp","href":"https:\/\/api.w.org\/{rel}","templated":true}]}}