{"id":1310,"date":"2024-01-26T11:19:24","date_gmt":"2024-01-26T10:19:24","guid":{"rendered":"https:\/\/oralstudio.hu\/EN\/?page_id=1310"},"modified":"2026-05-04T10:17:35","modified_gmt":"2026-05-04T08:17:35","slug":"root-canal-treatment","status":"publish","type":"page","link":"https:\/\/oralstudio.hu\/EN\/root-canal-treatment\/","title":{"rendered":"ROOT CANAL TREATMENT"},"content":{"rendered":"\n<div id=\"wp-block-themeisle-blocks-advanced-columns-6a7506dd\" class=\"wp-block-themeisle-blocks-advanced-columns alignfull has-1-columns has-mobile-equal-layout hide-in-desktop hide-in-tablet has-vertical-unset has-dark-bg\"><div class=\"wp-block-themeisle-blocks-advanced-columns-overlay\"><\/div><div class=\"innerblocks-wrap\">\n<div id=\"wp-block-themeisle-blocks-advanced-column-207b33d0\" class=\"wp-block-themeisle-blocks-advanced-column\">\n<div id=\"wp-block-themeisle-blocks-button-group-577b5549\" class=\"wp-block-themeisle-blocks-button-group wp-block-buttons align-center-desktop\">\n<div id=\"wp-block-themeisle-blocks-button-15ddb25d\" class=\"wp-block-themeisle-blocks-button wp-block-button\"><a href=\"https:\/\/maps.app.goo.gl\/c7wkC4r5sd8sawUA7\" target=\"_self\" rel=\"noopener noreferrer\" class=\"wp-block-button__link\"><i class=\"fas fa-fw fa-map-marker-alt\"><\/i><\/a><\/div>\n\n\n\n<div id=\"wp-block-themeisle-blocks-button-e823ba53\" class=\"wp-block-themeisle-blocks-button wp-block-button\"><a href=\"tel:+3612121930\" target=\"_self\" rel=\"noopener noreferrer\" class=\"wp-block-button__link\"><i class=\"fas fa-fw fa-phone-square-alt\"><\/i><\/a><\/div>\n\n\n\n<div id=\"wp-block-themeisle-blocks-button-d244b0f6\" class=\"wp-block-themeisle-blocks-button wp-block-button\"><a href=\"https:\/\/wa.me\/36703986638\" target=\"_self\" rel=\"noopener noreferrer\" class=\"wp-block-button__link\"><i class=\"fab fa-fw fa-whatsapp-square\"><\/i><\/a><\/div>\n\n\n\n<div id=\"wp-block-themeisle-blocks-button-9aa49684\" class=\"wp-block-themeisle-blocks-button wp-block-button\"><a href=\"mailto:info@oralstudio.hu\" target=\"_self\" rel=\"noopener noreferrer\" class=\"wp-block-button__link\"><i class=\"fas fa-fw fa-envelope-square\"><\/i><\/a><\/div>\n<\/div>\n<\/div>\n<\/div><\/div>\n\n\n\n<div id=\"wp-block-themeisle-blocks-advanced-columns-0a700b88\" class=\"wp-block-themeisle-blocks-advanced-columns alignfull has-1-columns has-desktop-twoOne-layout hide-in-tablet hide-in-mobile has-vertical-center has-dark-bg\"><div class=\"wp-block-themeisle-blocks-advanced-columns-overlay\"><\/div><div class=\"innerblocks-wrap\">\n<div id=\"wp-block-themeisle-blocks-advanced-column-32c2975e\" class=\"wp-block-themeisle-blocks-advanced-column\">\n<div id=\"wp-block-themeisle-blocks-icon-list-ce636c70\" class=\"wp-block-themeisle-blocks-icon-list is-style-horizontal ticss-37725372\">\n<div id=\"wp-block-themeisle-blocks-icon-list-item-46cc71b4\" class=\"wp-block-themeisle-blocks-icon-list-item\"><i class=\"fas fa-map-marker-alt wp-block-themeisle-blocks-icon-list-item-icon\"><\/i><p class=\"wp-block-themeisle-blocks-icon-list-item-content\">1126 BUDAPEST, B\u00d6SZ\u00d6RM\u00c9NYI STREET 2.\u00a0<\/p><\/div>\n\n\n\n<div id=\"wp-block-themeisle-blocks-icon-list-item-4bef7f10\" class=\"wp-block-themeisle-blocks-icon-list-item\"><i class=\"fas fa-phone-alt wp-block-themeisle-blocks-icon-list-item-icon\"><\/i><p class=\"wp-block-themeisle-blocks-icon-list-item-content\">\u00a0+36 1 212 1930<\/p><\/div>\n\n\n\n<div id=\"wp-block-themeisle-blocks-icon-list-item-e609f1de\" class=\"wp-block-themeisle-blocks-icon-list-item\"><i class=\"fab fa-whatsapp wp-block-themeisle-blocks-icon-list-item-icon\"><\/i><p class=\"wp-block-themeisle-blocks-icon-list-item-content\">+36 70 398 6638<\/p><\/div>\n\n\n\n<div id=\"wp-block-themeisle-blocks-icon-list-item-cafd1cc8\" class=\"wp-block-themeisle-blocks-icon-list-item\"><i class=\"far fa-envelope wp-block-themeisle-blocks-icon-list-item-icon\"><\/i><p class=\"wp-block-themeisle-blocks-icon-list-item-content\">\u00a0INFO@ORALSTUDIO.HU<\/p><\/div>\n<\/div>\n<\/div>\n<\/div><\/div>\n\n\n\n<div id=\"wp-block-themeisle-blocks-advanced-columns-e837dc6c\" class=\"wp-block-themeisle-blocks-advanced-columns alignfull has-1-columns has-desktop-equal-layout hide-in-tablet hide-in-mobile has-vertical-center ticss-e837dc6c\"><div class=\"wp-block-themeisle-blocks-advanced-columns-overlay\"><\/div><div class=\"innerblocks-wrap\">\n<div id=\"wp-block-themeisle-blocks-advanced-column-a2642a75\" class=\"wp-block-themeisle-blocks-advanced-column\">\n<div id=\"wp-block-themeisle-blocks-button-group-7d9e28ce\" class=\"wp-block-themeisle-blocks-button-group wp-block-buttons align-right-desktop ticss-7e5d7657\">\n<div id=\"wp-block-themeisle-blocks-button-0c6834b4\" class=\"wp-block-themeisle-blocks-button wp-block-button\"><a href=\"https:\/\/oralstudio.hu\/EN\/#onlinebejelentkezes\" target=\"_self\" rel=\"noopener noreferrer\" class=\"wp-block-button__link\"><span>APPOINTMENT BOOKING<\/span><\/a><\/div>\n<\/div>\n<\/div>\n<\/div><\/div>\n\n\n\n<div id=\"wp-block-themeisle-blocks-advanced-columns-0daeb767\" class=\"wp-block-themeisle-blocks-advanced-columns has-1-columns has-mobile-equal-layout hide-in-desktop hide-in-tablet has-vertical-unset\"><div class=\"wp-block-themeisle-blocks-advanced-columns-overlay\"><\/div><div class=\"innerblocks-wrap\">\n<div id=\"wp-block-themeisle-blocks-advanced-column-9ce2a93e\" class=\"wp-block-themeisle-blocks-advanced-column\">\n<div style=\"height:20px\" aria-hidden=\"true\" class=\"wp-block-spacer\"><\/div>\n\n\n\n<div id=\"wp-block-themeisle-blocks-button-group-ebe0b768\" class=\"wp-block-themeisle-blocks-button-group wp-block-buttons align-center-desktop\">\n<div id=\"wp-block-themeisle-blocks-button-a1aca8cb\" class=\"wp-block-themeisle-blocks-button wp-block-button\"><a href=\"https:\/\/oralstudio.hu\/EN\/#onlinebejelentkezes\" target=\"_self\" rel=\"noopener noreferrer\" class=\"wp-block-button__link\"><span>APPOINTMENT BOOKING<\/span><\/a><\/div>\n<\/div>\n\n\n\n<div style=\"height:15px\" aria-hidden=\"true\" class=\"wp-block-spacer\"><\/div>\n<\/div>\n<\/div><\/div>\n\n\n\n<h2 class=\"wp-block-heading alignfull has-text-align-center ticss-fad13a29 has-nv-text-dark-bg-color has-nv-light-bg-background-color has-text-color has-background has-link-color has-large-font-size wp-elements-956670a51976d7a017878328845fc834\"><strong><strong>Root Canal Treatment<\/strong><\/strong><\/h2>\n\n\n\n<h2 class=\"wp-block-heading alignfull has-text-align-center has-nv-text-dark-bg-color has-nv-light-bg-background-color has-text-color has-background has-link-color has-medium-font-size wp-elements-e17498dc718c5be7c265f576f793ce49\"><strong><strong>Root Canal Treatment<\/strong><\/strong><\/h2>\n\n\n\n<div id=\"wp-block-themeisle-blocks-advanced-columns-c98d23d2\" class=\"wp-block-themeisle-blocks-advanced-columns has-1-columns has-desktop-equal-layout has-tablet-equal-layout has-mobile-equal-layout has-vertical-unset\"><div class=\"wp-block-themeisle-blocks-advanced-columns-overlay\"><\/div><div class=\"innerblocks-wrap\">\n<div id=\"wp-block-themeisle-blocks-advanced-column-6aebeb9c\" class=\"wp-block-themeisle-blocks-advanced-column\"><div class=\"wp-block-image\">\n<figure class=\"alignleft size-full is-resized\"><img loading=\"lazy\" decoding=\"async\" width=\"768\" height=\"1024\" src=\"https:\/\/oralstudio.hu\/EN\/wp-content\/uploads\/2024\/06\/gyokerkezeles-768x1024-1.webp\" alt=\"\" class=\"wp-image-2491\" style=\"width:255px;height:auto\" srcset=\"https:\/\/oralstudio.hu\/EN\/wp-content\/uploads\/2024\/06\/gyokerkezeles-768x1024-1.webp 768w, https:\/\/oralstudio.hu\/EN\/wp-content\/uploads\/2024\/06\/gyokerkezeles-768x1024-1-225x300.webp 225w\" sizes=\"auto, (max-width: 768px) 100vw, 768px\" \/><\/figure>\n<\/div>\n\n\n<p class=\"ticss-80a96c76\">Root canal treatment is a dental procedure that allows for the preservation of severely damaged or infected teeth. This process is often employed to avoid tooth extraction and retain the natural dentition.<\/p>\n\n\n\n<p class=\"ticss-b533acfd\"><strong><strong>What is Root Canal Treatment?<\/strong><\/strong><\/p>\n\n\n\n<p class=\"ticss-660156c5\">Root canal treatment is a dental intervention in which our dentist removes the infected tissues and nerves from the inner part of the tooth, known as the dental pulp. The infected or damaged pulp chamber of the tooth is cleaned, disinfected, and then sealed with a special material to prevent further infections. Root canal treatment involves multiple stages, so several appointments are typically necessary.<\/p>\n\n\n\n<div class=\"wp-block-group ticss-6257ca70\" style=\"padding-top:0;padding-right:0;padding-bottom:0;padding-left:0\"><div class=\"wp-block-group__inner-container is-layout-constrained wp-container-core-group-is-layout-c6b4b7cd wp-block-group-is-layout-constrained\">\n<ul class=\"wp-block-list ticss-67088bbb\">\n<li><strong>Tooth Decay: <\/strong>When tooth decay reaches the pulp chamber of the tooth.<\/li>\n\n\n\n<li><strong>Trauma:<\/strong> Severe tooth injury or fracture can damage the inner part of the tooth.<\/li>\n\n\n\n<li><strong>Root Canal Issues: <\/strong>Infections or inflammations around the tooth roots often warrant root canal treatment.<\/li>\n<\/ul>\n<\/div><\/div>\n\n\n\n<p class=\"ticss-e6626386\"><strong>How is Root Canal Treatment Performed?<\/strong><\/p>\n\n\n\n<p class=\"ticss-2ad8724e\">The process of root canal treatment typically involves the following steps:<\/p>\n\n\n\n<ol class=\"wp-block-list\">\n<li><strong>Local Anesthesia:<\/strong> Our dentist administers local anesthesia to ensure a painless procedure.<\/li>\n\n\n\n<li><strong>Removal of Dental Pulp:<\/strong> Removal of infected or damaged tissues from the inner part of the tooth.<\/li>\n\n\n\n<li><strong>Cleaning and Disinfection:<\/strong> Cleaning and disinfecting the pulp chamber to prevent further infections.<\/li>\n\n\n\n<li><strong>Root Canal Filling:<\/strong> Filling the cleaned root canals with a special material (root canal filling) to prevent bacterial ingress.<\/li>\n\n\n\n<li><strong>Restoration:<\/strong> Depending on the extent of tooth structure loss, the inner cavity and crown of the tooth are restored using fillings, crowns, or other restorative interventions.<\/li>\n<\/ol>\n\n\n\n<div class=\"wp-block-group has-nv-site-bg-color has-neve-link-color-background-color has-text-color has-background has-link-color wp-elements-c8c49ed219030a2e28fb24eb10692ab5\" style=\"padding-top:var(--wp--preset--spacing--40);padding-right:var(--wp--preset--spacing--40);padding-bottom:var(--wp--preset--spacing--40);padding-left:var(--wp--preset--spacing--40)\"><div class=\"wp-block-group__inner-container is-layout-constrained wp-container-core-group-is-layout-af10a197 wp-block-group-is-layout-constrained\">\n<h6 id=\"wp-block-themeisle-blocks-advanced-heading-5dd88bce\" class=\"wp-block-themeisle-blocks-advanced-heading wp-block-themeisle-blocks-advanced-heading-5dd88bce ticss-a8dcdc84\"><strong><strong>Benefits of Root Canal Treatment<\/strong><\/strong><\/h6>\n\n\n\n<p>Root canal treatment offers several benefits to patients:<\/p>\n\n\n\n<ul class=\"wp-block-list\">\n<li><strong>Tooth Preservation: <\/strong>Root canal treatment allows for the preservation of the tooth and retention of the natural dentition.<\/li>\n\n\n\n<li><strong>Pain Reduction: <\/strong>The procedure&#8217;s anesthesia helps reduce pain during treatment.<\/li>\n\n\n\n<li><strong>Healthy Smile:<\/strong> Root canal treatment helps maintain a healthy smile and normal chewing function.<\/li>\n\n\n\n<li><strong>Prevention: <\/strong>Root canal treatment prevents the spread of infection within the tooth and deterioration of overall health.<\/li>\n<\/ul>\n<\/div><\/div>\n<\/div>\n<\/div><\/div>\n\n\n\n<div class=\"wp-block-buttons ticss-dffac82d is-content-justification-center is-layout-flex wp-container-core-buttons-is-layout-16018d1d wp-block-buttons-is-layout-flex\">\n<div class=\"wp-block-button\"><a class=\"wp-block-button__link has-nv-site-bg-color has-neve-link-hover-color-background-color has-text-color has-background has-link-color wp-element-button\" href=\"https:\/\/oralstudio.hu\/EN\/#szolgaltatasaink\" style=\"border-radius:2px\">&lt;&lt; SERVICES<\/a><\/div>\n<\/div>\n","protected":false},"excerpt":{"rendered":"<p>Root Canal Treatment Root Canal Treatment<\/p>\n","protected":false},"author":1,"featured_media":0,"parent":0,"menu_order":0,"comment_status":"closed","ping_status":"closed","template":"","meta":{"sfsi_plus_gutenberg_text_before_share":"","sfsi_plus_gutenberg_show_text_before_share":"","sfsi_plus_gutenberg_icon_type":"","sfsi_plus_gutenberg_icon_alignemt":"","sfsi_plus_gutenburg_max_per_row":"","neve_meta_sidebar":"","neve_meta_container":"full-width","neve_meta_enable_content_width":"","neve_meta_content_width":0,"neve_meta_title_alignment":"center","neve_meta_author_avatar":"","neve_post_elements_order":"","neve_meta_disable_header":"","neve_meta_disable_footer":"","neve_meta_disable_title":"on","_themeisle_gutenberg_block_has_review":false,"footnotes":""},"class_list":["post-1310","page","type-page","status-publish","hentry"],"_links":{"self":[{"href":"https:\/\/oralstudio.hu\/EN\/wp-json\/wp\/v2\/pages\/1310","targetHints":{"allow":["GET"]}}],"collection":[{"href":"https:\/\/oralstudio.hu\/EN\/wp-json\/wp\/v2\/pages"}],"about":[{"href":"https:\/\/oralstudio.hu\/EN\/wp-json\/wp\/v2\/types\/page"}],"author":[{"embeddable":true,"href":"https:\/\/oralstudio.hu\/EN\/wp-json\/wp\/v2\/users\/1"}],"replies":[{"embeddable":true,"href":"https:\/\/oralstudio.hu\/EN\/wp-json\/wp\/v2\/comments?post=1310"}],"version-history":[{"count":26,"href":"https:\/\/oralstudio.hu\/EN\/wp-json\/wp\/v2\/pages\/1310\/revisions"}],"predecessor-version":[{"id":3086,"href":"https:\/\/oralstudio.hu\/EN\/wp-json\/wp\/v2\/pages\/1310\/revisions\/3086"}],"wp:attachment":[{"href":"https:\/\/oralstudio.hu\/EN\/wp-json\/wp\/v2\/media?parent=1310"}],"curies":[{"name":"wp","href":"https:\/\/api.w.org\/{rel}","templated":true}]}}