{"id":1290,"date":"2024-01-26T09:12:26","date_gmt":"2024-01-26T08:12:26","guid":{"rendered":"https:\/\/oralstudio.hu\/EN\/?page_id=1290"},"modified":"2026-05-04T10:14:30","modified_gmt":"2026-05-04T08:14:30","slug":"dental-restoration","status":"publish","type":"page","link":"https:\/\/oralstudio.hu\/EN\/dental-restoration\/","title":{"rendered":"DENTAL RESTORATION"},"content":{"rendered":"\n<div id=\"wp-block-themeisle-blocks-advanced-columns-6a7506dd\" class=\"wp-block-themeisle-blocks-advanced-columns alignfull has-1-columns has-mobile-equal-layout hide-in-desktop hide-in-tablet has-vertical-unset has-dark-bg\"><div class=\"wp-block-themeisle-blocks-advanced-columns-overlay\"><\/div><div class=\"innerblocks-wrap\">\n<div id=\"wp-block-themeisle-blocks-advanced-column-207b33d0\" class=\"wp-block-themeisle-blocks-advanced-column\">\n<div id=\"wp-block-themeisle-blocks-button-group-577b5549\" class=\"wp-block-themeisle-blocks-button-group wp-block-buttons align-center-desktop\">\n<div id=\"wp-block-themeisle-blocks-button-15ddb25d\" class=\"wp-block-themeisle-blocks-button wp-block-button\"><a href=\"https:\/\/maps.app.goo.gl\/c7wkC4r5sd8sawUA7\" target=\"_self\" rel=\"noopener noreferrer\" class=\"wp-block-button__link\"><i class=\"fas fa-fw fa-map-marker-alt\"><\/i><\/a><\/div>\n\n\n\n<div id=\"wp-block-themeisle-blocks-button-e823ba53\" class=\"wp-block-themeisle-blocks-button wp-block-button\"><a href=\"tel:+3612121930\" target=\"_self\" rel=\"noopener noreferrer\" class=\"wp-block-button__link\"><i class=\"fas fa-fw fa-phone-square-alt\"><\/i><\/a><\/div>\n\n\n\n<div id=\"wp-block-themeisle-blocks-button-d244b0f6\" class=\"wp-block-themeisle-blocks-button wp-block-button\"><a href=\"https:\/\/wa.me\/36703986638\" target=\"_self\" rel=\"noopener noreferrer\" class=\"wp-block-button__link\"><i class=\"fab fa-fw fa-whatsapp-square\"><\/i><\/a><\/div>\n\n\n\n<div id=\"wp-block-themeisle-blocks-button-9aa49684\" class=\"wp-block-themeisle-blocks-button wp-block-button\"><a href=\"mailto:info@oralstudio.hu\" target=\"_self\" rel=\"noopener noreferrer\" class=\"wp-block-button__link\"><i class=\"fas fa-fw fa-envelope-square\"><\/i><\/a><\/div>\n<\/div>\n<\/div>\n<\/div><\/div>\n\n\n\n<div id=\"wp-block-themeisle-blocks-advanced-columns-0a700b88\" class=\"wp-block-themeisle-blocks-advanced-columns alignfull has-1-columns has-desktop-twoOne-layout hide-in-tablet hide-in-mobile has-vertical-center has-dark-bg\"><div class=\"wp-block-themeisle-blocks-advanced-columns-overlay\"><\/div><div class=\"innerblocks-wrap\">\n<div id=\"wp-block-themeisle-blocks-advanced-column-32c2975e\" class=\"wp-block-themeisle-blocks-advanced-column\">\n<div id=\"wp-block-themeisle-blocks-icon-list-ce636c70\" class=\"wp-block-themeisle-blocks-icon-list is-style-horizontal ticss-37725372\">\n<div id=\"wp-block-themeisle-blocks-icon-list-item-46cc71b4\" class=\"wp-block-themeisle-blocks-icon-list-item\"><i class=\"fas fa-map-marker-alt wp-block-themeisle-blocks-icon-list-item-icon\"><\/i><p class=\"wp-block-themeisle-blocks-icon-list-item-content\">1126 BUDAPEST, B\u00d6SZ\u00d6RM\u00c9NYI STREET 2.\u00a0<\/p><\/div>\n\n\n\n<div id=\"wp-block-themeisle-blocks-icon-list-item-4bef7f10\" class=\"wp-block-themeisle-blocks-icon-list-item\"><i class=\"fas fa-phone-alt wp-block-themeisle-blocks-icon-list-item-icon\"><\/i><p class=\"wp-block-themeisle-blocks-icon-list-item-content\">\u00a0+36 1 212 1930<\/p><\/div>\n\n\n\n<div id=\"wp-block-themeisle-blocks-icon-list-item-e609f1de\" class=\"wp-block-themeisle-blocks-icon-list-item\"><i class=\"fab fa-whatsapp wp-block-themeisle-blocks-icon-list-item-icon\"><\/i><p class=\"wp-block-themeisle-blocks-icon-list-item-content\">+36 70 398 6638<\/p><\/div>\n\n\n\n<div id=\"wp-block-themeisle-blocks-icon-list-item-cafd1cc8\" class=\"wp-block-themeisle-blocks-icon-list-item\"><i class=\"far fa-envelope wp-block-themeisle-blocks-icon-list-item-icon\"><\/i><p class=\"wp-block-themeisle-blocks-icon-list-item-content\">\u00a0INFO@ORALSTUDIO.HU<\/p><\/div>\n<\/div>\n<\/div>\n<\/div><\/div>\n\n\n\n<div id=\"wp-block-themeisle-blocks-advanced-columns-e837dc6c\" class=\"wp-block-themeisle-blocks-advanced-columns alignfull has-1-columns has-desktop-equal-layout hide-in-tablet hide-in-mobile has-vertical-center ticss-e837dc6c\"><div class=\"wp-block-themeisle-blocks-advanced-columns-overlay\"><\/div><div class=\"innerblocks-wrap\">\n<div id=\"wp-block-themeisle-blocks-advanced-column-a2642a75\" class=\"wp-block-themeisle-blocks-advanced-column\">\n<div id=\"wp-block-themeisle-blocks-button-group-7d9e28ce\" class=\"wp-block-themeisle-blocks-button-group wp-block-buttons align-right-desktop ticss-7e5d7657\">\n<div id=\"wp-block-themeisle-blocks-button-0c6834b4\" class=\"wp-block-themeisle-blocks-button wp-block-button\"><a href=\"https:\/\/oralstudio.hu\/EN\/#onlinebejelentkezes\" target=\"_self\" rel=\"noopener noreferrer\" class=\"wp-block-button__link\"><span>APPOINTMENT BOOKING<\/span><\/a><\/div>\n<\/div>\n<\/div>\n<\/div><\/div>\n\n\n\n<div id=\"wp-block-themeisle-blocks-advanced-columns-0daeb767\" class=\"wp-block-themeisle-blocks-advanced-columns has-1-columns has-mobile-equal-layout hide-in-desktop hide-in-tablet has-vertical-unset\"><div class=\"wp-block-themeisle-blocks-advanced-columns-overlay\"><\/div><div class=\"innerblocks-wrap\">\n<div id=\"wp-block-themeisle-blocks-advanced-column-9ce2a93e\" class=\"wp-block-themeisle-blocks-advanced-column\">\n<div style=\"height:20px\" aria-hidden=\"true\" class=\"wp-block-spacer\"><\/div>\n\n\n\n<div id=\"wp-block-themeisle-blocks-button-group-ebe0b768\" class=\"wp-block-themeisle-blocks-button-group wp-block-buttons align-center-desktop\">\n<div id=\"wp-block-themeisle-blocks-button-a1aca8cb\" class=\"wp-block-themeisle-blocks-button wp-block-button\"><a href=\"https:\/\/oralstudio.hu\/EN\/#onlinebejelentkezes\" target=\"_self\" rel=\"noopener noreferrer\" class=\"wp-block-button__link\"><span>APPOINTMENT BOOKING<\/span><\/a><\/div>\n<\/div>\n\n\n\n<div style=\"height:15px\" aria-hidden=\"true\" class=\"wp-block-spacer\"><\/div>\n<\/div>\n<\/div><\/div>\n\n\n\n<h2 class=\"wp-block-heading alignfull has-text-align-center ticss-fad13a29 has-nv-text-dark-bg-color has-nv-light-bg-background-color has-text-color has-background has-link-color has-large-font-size wp-elements-27a5be68aa9196ed91bad9edac1aae07\"><strong><strong><strong>Dental Restoration<\/strong><\/strong><\/strong><\/h2>\n\n\n\n<h2 class=\"wp-block-heading alignfull has-text-align-center has-nv-text-dark-bg-color has-nv-light-bg-background-color has-text-color has-background has-link-color has-medium-font-size wp-elements-5530129a929da86340deaba50587c056\"><strong><strong><strong>Dental Restoration<\/strong><\/strong><\/strong><\/h2>\n\n\n\n<div id=\"wp-block-themeisle-blocks-advanced-columns-e9008cdf\" class=\"wp-block-themeisle-blocks-advanced-columns has-1-columns has-desktop-equal-layout has-tablet-equal-layout has-mobile-equal-layout has-vertical-unset\"><div class=\"wp-block-themeisle-blocks-advanced-columns-overlay\"><\/div><div class=\"innerblocks-wrap\">\n<div id=\"wp-block-themeisle-blocks-advanced-column-22e2454f\" class=\"wp-block-themeisle-blocks-advanced-column\">\n<p class=\"ticss-e1d9e8ea\">Dental restoration is a dental procedure that helps replace lost or damaged teeth, restoring proper chewing, an aesthetic smile, and overall oral health. There are various types of dental restorations, and the treating dentist selects the most appropriate solution based on the patient&#8217;s individual needs.<\/p>\n\n\n\n<h6 id=\"wp-block-themeisle-blocks-advanced-heading-348f57d5\" class=\"wp-block-themeisle-blocks-advanced-heading wp-block-themeisle-blocks-advanced-heading-348f57d5 ticss-179cb37d\"><strong><strong>Types of Dental Restorations<\/strong><\/strong><\/h6>\n\n\n\n<p class=\"ticss-1204d914\"><strong><strong>Removable Dental Prostheses<\/strong><\/strong><\/p>\n\n\n\n<p class=\"ticss-b1c7321c\">Removable dental prostheses are dental appliances that patients can remove without medical intervention. Proper cleaning and maintaining oral hygiene require removing the prosthesis. Removable dental prostheses can be partial or complete.<\/p>\n\n\n\n<p class=\"ticss-6fb7f307\"><strong><strong>Complete Dentures<\/strong><\/strong><\/p>\n\n\n\n<p class=\"ticss-53828dfb\">These dentures are held in place by vacuum, chewing pressure, and gravity. Wearing the prosthesis may cause significant discomfort initially, but this usually diminishes over time. If there is sufficient bone for implantation, and if the patient desires it, we recommend this solution. A good and safe option is overdentures anchored on two or four implants. This method allows for the creation of a fixed dental prosthesis that the patient can remove and replace. This approach is increasingly used, especially in the lower jaw, where wearing complete dentures poses the most difficulty.<\/p>\n\n\n\n<p class=\"ticss-750fd124\"><strong><strong>Partial Dentures<\/strong><\/strong><\/p>\n\n\n\n<p class=\"ticss-91f3b4b6\">Partial dentures are suitable when there is partial tooth loss in an arch, and the remaining teeth are insufficient for a fixed dental prosthesis. These dental prostheses are made on a metal framework covered with gum-colored plastic. The teeth are attached to the plastic part. We can use clasps or precision attachments for retention. Precision attachments are always hidden. Due to routine dental implantation, the production of such dental restorations has declined in recent times.<\/p>\n\n\n\n<div class=\"wp-block-group has-nv-site-bg-color has-nv-dark-bg-background-color has-text-color has-background has-link-color wp-elements-9675efd96dcfcf6f9af49e33b39a47c0\" style=\"padding-top:var(--wp--preset--spacing--40);padding-right:var(--wp--preset--spacing--40);padding-bottom:var(--wp--preset--spacing--40);padding-left:var(--wp--preset--spacing--40)\"><div class=\"wp-block-group__inner-container is-layout-constrained wp-container-core-group-is-layout-af10a197 wp-block-group-is-layout-constrained\">\n<h6 id=\"wp-block-themeisle-blocks-advanced-heading-46d05c1b\" class=\"wp-block-themeisle-blocks-advanced-heading wp-block-themeisle-blocks-advanced-heading-46d05c1b ticss-179cb37d\"><strong><strong>Why Dental Restoration is Important?<\/strong><\/strong><\/h6>\n\n\n\n<ul class=\"wp-block-list\">\n<li><strong>Improvement in Chewing and Speech<\/strong>: Dental restorations help with efficient chewing and improving speech quality.<\/li>\n\n\n\n<li><strong>Aesthetics<\/strong>: Dental restorations enhance aesthetic appearance and can boost confidence.<\/li>\n\n\n\n<li><strong>Protection of Teeth<\/strong>: Dental restorations help prevent adjacent teeth from shifting and reduce excessive stress on the jawbone.<\/li>\n\n\n\n<li><strong>Pain and Discomfort Relief<\/strong>: Dental restorations can alleviate pain and discomfort in sensitive areas.<\/li>\n<\/ul>\n<\/div><\/div>\n\n\n\n<div style=\"height:40px\" aria-hidden=\"true\" class=\"wp-block-spacer\"><\/div>\n\n\n\n<p><strong><strong>The dental restoration process involves the following steps:<\/strong><\/strong><\/p>\n\n\n\n<ol class=\"wp-block-list\">\n<li><strong>Consultation<\/strong>: The first step is a consultation with a dentist or oral surgeon, who examines the missing or damaged teeth and discusses the patient&#8217;s individual needs.<\/li>\n\n\n\n<li><strong>Planning: <\/strong>The doctor prepares a treatment plan that includes the type and material of the dental restoration.<\/li>\n\n\n\n<li><strong>Fabrication of the Restoration<\/strong>: The dental restoration is crafted by a dental technician according to the patient&#8217;s specific requirements.<\/li>\n\n\n\n<li><strong>Fogp\u00f3tl\u00e1s felhelyez\u00e9se: <\/strong>A k\u00e9sz fogp\u00f3tl\u00e1st r\u00f6gz\u00edtik a fogakra, implant\u00e1tumokra vagy a fogatlan \u00e1llcsont gerincre. Az orvos gondoskodik a megfelel\u0151 illeszked\u00e9sr\u0151l \u00e9s a k\u00e9nyelmes felhelyez\u00e9sr\u0151l, illetve instru\u00e1lja a p\u00e1cienst a fogp\u00f3tl\u00e1s megfelel\u0151 tiszt\u00edt\u00e1s\u00e1val, illetve otthoni gondoz\u00e1s\u00e1val kapcsolatban.<\/li>\n\n\n\n<li><strong>Placement of the Restoration<\/strong>: The finished dental restoration is attached to the teeth, implants, or edentulous ridge. The doctor ensures proper fit and comfortable placement.<\/li>\n<\/ol>\n\n\n\n<p><strong><strong>Healing and Aftercare<\/strong><\/strong><\/p>\n\n\n\n<p class=\"ticss-104eb4bd\">After dental restoration, the patient must carefully maintain the dental prosthesis and attend regular dental check-ups. To ensure the long-term effectiveness and durability of the dental restoration, it is important to maintain proper oral care and hygiene.<\/p>\n<\/div>\n<\/div><\/div>\n\n\n\n<div class=\"wp-block-buttons ticss-28ceeb6f is-content-justification-center is-layout-flex wp-container-core-buttons-is-layout-16018d1d wp-block-buttons-is-layout-flex\">\n<div class=\"wp-block-button\"><a class=\"wp-block-button__link has-nv-site-bg-color has-neve-link-hover-color-background-color has-text-color has-background has-link-color wp-element-button\" href=\"https:\/\/oralstudio.hu\/EN\/#szolgaltatasaink\" style=\"border-radius:2px\">&lt;&lt; SERVICES<\/a><\/div>\n<\/div>\n","protected":false},"excerpt":{"rendered":"<p>Dental Restoration Dental Restoration<\/p>\n","protected":false},"author":1,"featured_media":0,"parent":0,"menu_order":0,"comment_status":"closed","ping_status":"closed","template":"","meta":{"sfsi_plus_gutenberg_text_before_share":"","sfsi_plus_gutenberg_show_text_before_share":"","sfsi_plus_gutenberg_icon_type":"","sfsi_plus_gutenberg_icon_alignemt":"","sfsi_plus_gutenburg_max_per_row":"","neve_meta_sidebar":"","neve_meta_container":"full-width","neve_meta_enable_content_width":"","neve_meta_content_width":0,"neve_meta_title_alignment":"center","neve_meta_author_avatar":"","neve_post_elements_order":"","neve_meta_disable_header":"","neve_meta_disable_footer":"","neve_meta_disable_title":"on","_themeisle_gutenberg_block_has_review":false,"footnotes":""},"class_list":["post-1290","page","type-page","status-publish","hentry"],"_links":{"self":[{"href":"https:\/\/oralstudio.hu\/EN\/wp-json\/wp\/v2\/pages\/1290","targetHints":{"allow":["GET"]}}],"collection":[{"href":"https:\/\/oralstudio.hu\/EN\/wp-json\/wp\/v2\/pages"}],"about":[{"href":"https:\/\/oralstudio.hu\/EN\/wp-json\/wp\/v2\/types\/page"}],"author":[{"embeddable":true,"href":"https:\/\/oralstudio.hu\/EN\/wp-json\/wp\/v2\/users\/1"}],"replies":[{"embeddable":true,"href":"https:\/\/oralstudio.hu\/EN\/wp-json\/wp\/v2\/comments?post=1290"}],"version-history":[{"count":27,"href":"https:\/\/oralstudio.hu\/EN\/wp-json\/wp\/v2\/pages\/1290\/revisions"}],"predecessor-version":[{"id":3076,"href":"https:\/\/oralstudio.hu\/EN\/wp-json\/wp\/v2\/pages\/1290\/revisions\/3076"}],"wp:attachment":[{"href":"https:\/\/oralstudio.hu\/EN\/wp-json\/wp\/v2\/media?parent=1290"}],"curies":[{"name":"wp","href":"https:\/\/api.w.org\/{rel}","templated":true}]}}